{"id":3948,"date":"2024-01-09T10:14:04","date_gmt":"2024-01-09T08:14:04","guid":{"rendered":"https:\/\/mhl-trans.fi\/tietosuojaseloste\/"},"modified":"2025-01-16T15:49:31","modified_gmt":"2025-01-16T13:49:31","slug":"tietosuojaseloste","status":"publish","type":"page","link":"https:\/\/mhl-trans.fi\/fi\/tietosuojaseloste\/","title":{"rendered":"Tietosuojaseloste"},"content":{"rendered":"\t\t<div data-elementor-type=\"wp-page\" data-elementor-id=\"3948\" class=\"elementor elementor-3948 elementor-3\">\n\t\t\t\t<div class=\"elementor-element elementor-element-1499842 e-flex e-con-boxed e-con e-parent\" data-id=\"1499842\" data-element_type=\"container\">\n\t\t\t\t\t<div class=\"e-con-inner\">\n\t\t\t\t<div class=\"elementor-element elementor-element-b4551f1 elementor-widget elementor-widget-button\" data-id=\"b4551f1\" data-element_type=\"widget\" data-widget_type=\"button.default\">\n\t\t\t\t<div class=\"elementor-widget-container\">\n\t\t\t\t\t\t\t\t\t<div class=\"elementor-button-wrapper\">\n\t\t\t\t\t<a class=\"elementor-button elementor-button-link elementor-size-sm\" href=\"https:\/\/mhl-trans.fi\/fi\/\">\n\t\t\t\t\t\t<span class=\"elementor-button-content-wrapper\">\n\t\t\t\t\t\t<span class=\"elementor-button-icon\">\n\t\t\t\t<svg aria-hidden=\"true\" class=\"e-font-icon-svg e-fas-long-arrow-alt-left\" viewBox=\"0 0 448 512\" xmlns=\"http:\/\/www.w3.org\/2000\/svg\"><path d=\"M134.059 296H436c6.627 0 12-5.373 12-12v-56c0-6.627-5.373-12-12-12H134.059v-46.059c0-21.382-25.851-32.09-40.971-16.971L7.029 239.029c-9.373 9.373-9.373 24.569 0 33.941l86.059 86.059c15.119 15.119 40.971 4.411 40.971-16.971V296z\"><\/path><\/svg>\t\t\t<\/span>\n\t\t\t\t\t\t\t\t\t<span class=\"elementor-button-text\">TAKAISIN<\/span>\n\t\t\t\t\t<\/span>\n\t\t\t\t\t<\/a>\n\t\t\t\t<\/div>\n\t\t\t\t\t\t\t\t<\/div>\n\t\t\t\t<\/div>\n\t\t\t\t<div class=\"elementor-element elementor-element-559aaca elementor-widget elementor-widget-text-editor\" data-id=\"559aaca\" data-element_type=\"widget\" data-widget_type=\"text-editor.default\">\n\t\t\t\t<div class=\"elementor-widget-container\">\n\t\t\t\t\t\t\t\t\t<h1>Tietosuojaseloste<\/h1><div><br><\/div>\n<h3>Rekisterinpit\u00e4j\u00e4<\/h3>\n<p>MHL-TRANS AB<br>Vikby<br>10520, Tenhola<br>Y-tunnus: <span aria-hidden=\"true\">0944038-7<\/span><br>Puh. 0400 215 786<br>S-posti: mhl.trans@mhl-trans.fi <\/p>\n<h3>Yhteyshenkil\u00f6 rekisteri\u00e4 koskevissa asioissa<\/h3>\n<p>H\u00e5kan Lindgren<br>Puh. 0400 215 786<br>S-posti: hakan.lindgren@mhl-trans.fi <\/p>\n<h3>Henkil\u00f6tietojen k\u00e4sittelyn tarkoitus<\/h3>\n<p>Henkil\u00f6tietojen k\u00e4sittelyn tarkoitus on yhteydenpito asiakkaisiin, asiakassuhteen yll\u00e4pito, markkinointi tms.<\/p>\n<h3>Rekisterin tietosis\u00e4lt\u00f6<\/h3>\n<p>Seuraavanlaisia henkil\u00f6tietoja voidaan ker\u00e4t\u00e4, tallentaa ja k\u00e4ytt\u00e4\u00e4:<\/p>\n<ul>\n<li>henkil\u00f6n nimi<\/li>\n<li>yritys\/organisaatio<\/li>\n<li>yhteystiedot (puhelinnumero, s\u00e4hk\u00f6postiosoite, osoite)<\/li>\n<li>verkkoyhteyden IP-osoite<\/li>\n<li>maantieteellinen sijainti<\/li>\n<li>selaimen tyyppi ja versio<\/li>\n<li>k\u00e4ytt\u00f6j\u00e4rjestelm\u00e4<\/li>\n<li>tiedot tilatuista palveluista ja niiden muutoksista<\/li>\n<li>laskutustiedot<\/li>\n<li>muut asiakassuhteeseen ja tilattuihin palveluihin liittyv\u00e4t tiedot<\/li>\n<\/ul>\n<h3>S\u00e4\u00e4nn\u00f6nmukaiset tietol\u00e4hteet<\/h3>\n<p>Rekisteriin tallennettavat tiedot saadaan asiakkaalta mm. www-lomakkeilla l\u00e4hetetyist\u00e4 viesteist\u00e4, s\u00e4hk\u00f6postitse, puhelimitse, sosiaalisen median palvelujen kautta, sopimuksista, asiakastapaamisista ja muista tilanteista, joissa asiakas luovuttaa tietojaan. <\/p>\n<h3>Tietojen s\u00e4\u00e4nn\u00f6nmukaiset luovutukset<\/h3>\n<p>Tietoja ei luovuteta s\u00e4\u00e4nn\u00f6nmukaisesti muille tahoille. Tietoja voidaan julkaista silt\u00e4 osin kuin niin on sovittu asiakkaan kanssa. <\/p>\n<h3>Tietojen siirto EU:n tai ETA:n ulkopuolelle&nbsp;<\/h3>\n<p>Tietoja voidaan siirt\u00e4\u00e4 rekisterinpit\u00e4j\u00e4n toimesta my\u00f6s EU:n tai ETA:n ulkopuolelle.<\/p>\n<h3>Rekisterin suojausperiaatteet&nbsp;<\/h3>\n<p>Rekisterin k\u00e4sittelyss\u00e4 noudatetaan huolellisuutta ja tietoj\u00e4rjestelmien avulla k\u00e4sitelt\u00e4v\u00e4t tiedot suojataan asianmukaisesti. Kun rekisteritietoja s\u00e4ilytet\u00e4\u00e4n Internet-palvelimilla, niiden laitteiston fyysisest\u00e4 ja digitaalisesta tietoturvasta huolehditaan asiaankuuluvasti. Rekisterinpit\u00e4j\u00e4 huolehtii siit\u00e4, ett\u00e4 tallennettuja tietoja sek\u00e4 palvelimien k\u00e4ytt\u00f6oikeuksia ja muita henkil\u00f6tietojen turvallisuuden kannalta kriittisi\u00e4 tietoja k\u00e4sitell\u00e4\u00e4n luottamuksellisesti ja vain niiden ty\u00f6ntekij\u00f6iden toimesta, joiden ty\u00f6nkuvaan se kuuluu.  <\/p>\n<h3>Tarkastusoikeus ja oikeus vaatia tiedon korjaamista<\/h3>\n<p>Jokaisella rekisteriss\u00e4 olevalla henkil\u00f6ll\u00e4 on oikeus tarkistaa rekisteriin tallennetut tietonsa ja vaatia mahdollisen virheellisen tiedon korjaamista tai puutteellisen tiedon t\u00e4ydent\u00e4mist\u00e4. Mik\u00e4li henkil\u00f6 haluaa tarkistaa h\u00e4nest\u00e4 tallennetut tiedot tai vaatia niihin oikaisua, pyynt\u00f6 tulee l\u00e4hett\u00e4\u00e4 kirjallisesti rekisterinpit\u00e4j\u00e4lle. Rekisterinpit\u00e4j\u00e4 voi pyyt\u00e4\u00e4 tarvittaessa pyynn\u00f6n esitt\u00e4j\u00e4\u00e4 todistamaan henkil\u00f6llisyytens\u00e4. Rekisterinpit\u00e4j\u00e4 vastaa asiakkaalle EU:n tietosuoja-asetuksessa s\u00e4\u00e4detyss\u00e4 ajassa.   <\/p>\n<h3>Muut henkil\u00f6tietojen k\u00e4sittelyyn liittyv\u00e4t oikeudet&nbsp;<\/h3>\n<p>Rekisteriss\u00e4 olevalla henkil\u00f6ll\u00e4 on oikeus pyyt\u00e4\u00e4 h\u00e4nt\u00e4 koskevien henkil\u00f6tietojen poistamiseen rekisterist\u00e4 (\u201doikeus tulla unohdetuksi\u201d). Niin ik\u00e4\u00e4n rekister\u00f6idyill\u00e4 on muut EU:n yleisen tietosuoja-asetuksen mukaiset oikeudet kuten henkil\u00f6tietojen k\u00e4sittelyn rajoittaminen tietyiss\u00e4 tilanteissa. Pyynn\u00f6t tulee l\u00e4hett\u00e4\u00e4 kirjallisesti rekisterinpit\u00e4j\u00e4lle. Rekisterinpit\u00e4j\u00e4 voi pyyt\u00e4\u00e4 tarvittaessa pyynn\u00f6n esitt\u00e4j\u00e4\u00e4 todistamaan henkil\u00f6llisyytens\u00e4. Rekisterinpit\u00e4j\u00e4 vastaa asiakkaalle EU:n tietosuoja-asetuksessa s\u00e4\u00e4detyss\u00e4 ajassa.    <\/p>\n<h3>Ev\u00e4steiden k\u00e4ytt\u00f6<\/h3>\n<p>Ev\u00e4steet (tai cookies) ovat pieni\u00e4 tekstitiedostoja, joita tallennetaan verkkoselaimeesi. Laki vaatii suostumuksen kysymist\u00e4 ev\u00e4steiden k\u00e4ytt\u00f6\u00f6n tapauksissa, joilla voi olla vaikutusta k\u00e4ytt\u00e4j\u00e4n yksityisyyteen. <\/p>\n<p>Ev\u00e4steet eiv\u00e4t voi vahingoittaa ohjelmistoja tai laitteitasi, eiv\u00e4tk\u00e4 ne lue muita tietoja laitteesi kiintolevylt\u00e4 tai levit\u00e4 viruksia.<\/p>\n<p>Lue lis\u00e4\u00e4 ev\u00e4steist\u00e4 Traficomissa:&nbsp; <a href=\"https:\/\/www.kyberturvallisuuskeskus.fi\/fi\/toimintamme\/saantely-ja-valvonta\/evasteetr\">https:\/\/www.kyberturvallisuuskeskus.fi\/fi\/toimintamme\/saantely-ja-valvonta\/evasteet<\/a><\/p>\t\t\t\t\t\t\t\t<\/div>\n\t\t\t\t<\/div>\n\t\t\t\t\t<\/div>\n\t\t\t\t<\/div>\n\t\t\t\t<\/div>\n\t\t","protected":false},"excerpt":{"rendered":"<p>TAKAISIN Tietosuojaseloste Rekisterinpit\u00e4j\u00e4 MHL-TRANS ABVikby10520, TenholaY-tunnus: 0944038-7Puh. 0400 215 786S-posti: mhl.trans@mhl-trans.fi Yhteyshenkil\u00f6 rekisteri\u00e4 koskevissa asioissa H\u00e5kan LindgrenPuh. 0400 215 786S-posti: [&hellip;]<\/p>\n","protected":false},"author":1,"featured_media":3848,"parent":0,"menu_order":0,"comment_status":"closed","ping_status":"open","template":"","meta":{"site-sidebar-layout":"default","site-content-layout":"","ast-site-content-layout":"","site-content-style":"default","site-sidebar-style":"default","ast-global-header-display":"disabled","ast-banner-title-visibility":"disabled","ast-main-header-display":"","ast-hfb-above-header-display":"","ast-hfb-below-header-display":"","ast-hfb-mobile-header-display":"","site-post-title":"","ast-breadcrumbs-content":"","ast-featured-img":"","footer-sml-layout":"disabled","theme-transparent-header-meta":"","adv-header-id-meta":"","stick-header-meta":"","header-above-stick-meta":"","header-main-stick-meta":"","header-below-stick-meta":"","astra-migrate-meta-layouts":"default","ast-page-background-enabled":"default","ast-page-background-meta":{"desktop":{"background-color":"var(--ast-global-color-4)","background-image":"","background-repeat":"repeat","background-position":"center center","background-size":"auto","background-attachment":"scroll","background-type":"","background-media":"","overlay-type":"","overlay-color":"","overlay-opacity":"","overlay-gradient":""},"tablet":{"background-color":"","background-image":"","background-repeat":"repeat","background-position":"center center","background-size":"auto","background-attachment":"scroll","background-type":"","background-media":"","overlay-type":"","overlay-color":"","overlay-opacity":"","overlay-gradient":""},"mobile":{"background-color":"","background-image":"","background-repeat":"repeat","background-position":"center center","background-size":"auto","background-attachment":"scroll","background-type":"","background-media":"","overlay-type":"","overlay-color":"","overlay-opacity":"","overlay-gradient":""}},"ast-content-background-meta":{"desktop":{"background-color":"var(--ast-global-color-5)","background-image":"","background-repeat":"repeat","background-position":"center center","background-size":"auto","background-attachment":"scroll","background-type":"","background-media":"","overlay-type":"","overlay-color":"","overlay-opacity":"","overlay-gradient":""},"tablet":{"background-color":"var(--ast-global-color-5)","background-image":"","background-repeat":"repeat","background-position":"center center","background-size":"auto","background-attachment":"scroll","background-type":"","background-media":"","overlay-type":"","overlay-color":"","overlay-opacity":"","overlay-gradient":""},"mobile":{"background-color":"var(--ast-global-color-5)","background-image":"","background-repeat":"repeat","background-position":"center center","background-size":"auto","background-attachment":"scroll","background-type":"","background-media":"","overlay-type":"","overlay-color":"","overlay-opacity":"","overlay-gradient":""}},"footnotes":""},"class_list":["post-3948","page","type-page","status-publish","has-post-thumbnail","hentry"],"_links":{"self":[{"href":"https:\/\/mhl-trans.fi\/fi\/wp-json\/wp\/v2\/pages\/3948","targetHints":{"allow":["GET"]}}],"collection":[{"href":"https:\/\/mhl-trans.fi\/fi\/wp-json\/wp\/v2\/pages"}],"about":[{"href":"https:\/\/mhl-trans.fi\/fi\/wp-json\/wp\/v2\/types\/page"}],"author":[{"embeddable":true,"href":"https:\/\/mhl-trans.fi\/fi\/wp-json\/wp\/v2\/users\/1"}],"replies":[{"embeddable":true,"href":"https:\/\/mhl-trans.fi\/fi\/wp-json\/wp\/v2\/comments?post=3948"}],"version-history":[{"count":0,"href":"https:\/\/mhl-trans.fi\/fi\/wp-json\/wp\/v2\/pages\/3948\/revisions"}],"wp:featuredmedia":[{"embeddable":true,"href":"https:\/\/mhl-trans.fi\/fi\/wp-json\/wp\/v2\/media\/3848"}],"wp:attachment":[{"href":"https:\/\/mhl-trans.fi\/fi\/wp-json\/wp\/v2\/media?parent=3948"}],"curies":[{"name":"wp","href":"https:\/\/api.w.org\/{rel}","templated":true}]}}